{"id":805,"date":"2024-04-18T11:53:10","date_gmt":"2024-04-18T11:53:10","guid":{"rendered":"https:\/\/designingmedia.com\/lawfinity\/?page_id=805"},"modified":"2025-12-16T11:59:23","modified_gmt":"2025-12-16T11:59:23","slug":"home","status":"publish","type":"page","link":"https:\/\/arcojuridico.com\/en\/","title":{"rendered":"Home"},"content":{"rendered":"<div data-elementor-type=\"wp-page\" data-elementor-id=\"805\" class=\"elementor elementor-805\">\n\t\t\t\t<div class=\"elementor-element elementor-element-258b4083 e-flex e-con-boxed e-con e-parent\" data-id=\"258b4083\" data-element_type=\"container\" data-settings=\"{&quot;background_background&quot;:&quot;classic&quot;}\">\n\t\t\t\t\t<div class=\"e-con-inner\">\n\t\t<div class=\"elementor-element elementor-element-438704cc e-flex e-con-boxed e-con e-child\" data-id=\"438704cc\" data-element_type=\"container\">\n\t\t\t\t\t<div class=\"e-con-inner\">\n\t\t<div class=\"elementor-element elementor-element-3c6f8bb8 e-flex e-con-boxed e-con e-child\" data-id=\"3c6f8bb8\" data-element_type=\"container\">\n\t\t\t\t\t<div class=\"e-con-inner\">\n\t\t\t\t<div class=\"elementor-element elementor-element-123d8d50 elementor-widget elementor-widget-image\" data-id=\"123d8d50\" data-element_type=\"widget\" data-widget_type=\"image.default\">\n\t\t\t\t<div class=\"elementor-widget-container\">\n\t\t\t\t\t\t\t\t\t\t\t\t\t\t\t<img decoding=\"async\" width=\"23\" height=\"2\" src=\"https:\/\/arcojuridico.com\/wp-content\/uploads\/2024\/04\/Get-in-touch-line-img.png\" class=\"attachment-full size-full wp-image-46\" alt=\"\" \/>\t\t\t\t\t\t\t\t\t\t\t\t\t\t\t<\/div>\n\t\t\t\t<\/div>\n\t\t\t\t<div class=\"elementor-element elementor-element-510a8df8 elementor-widget elementor-widget-heading\" data-id=\"510a8df8\" data-element_type=\"widget\" data-widget_type=\"heading.default\">\n\t\t\t\t<div class=\"elementor-widget-container\">\n\t\t\t\t\t<div class=\"elementor-heading-title elementor-size-default\">BIENVENIDO A  ARCO JURIDICO<\/div>\t\t\t\t<\/div>\n\t\t\t\t<\/div>\n\t\t\t\t\t<\/div>\n\t\t\t\t<\/div>\n\t\t\t\t<div class=\"elementor-element elementor-element-61a1b346 elementor-widget elementor-widget-heading\" data-id=\"61a1b346\" data-element_type=\"widget\" data-widget_type=\"heading.default\">\n\t\t\t\t<div class=\"elementor-widget-container\">\n\t\t\t\t\t<h2 class=\"elementor-heading-title elementor-size-default\">Te ayudamos a resolver tus situaciones legales<\/h2>\t\t\t\t<\/div>\n\t\t\t\t<\/div>\n\t\t\t\t<div class=\"elementor-element elementor-element-1d58dc79 elementor-widget__width-auto elementor-widget elementor-widget-button\" data-id=\"1d58dc79\" data-element_type=\"widget\" data-widget_type=\"button.default\">\n\t\t\t\t<div class=\"elementor-widget-container\">\n\t\t\t\t\t\t\t\t\t<div class=\"elementor-button-wrapper\">\n\t\t\t\t\t<a class=\"elementor-button elementor-button-link elementor-size-sm elementor-animation-float\" href=\"\/en\/contacto\/\">\n\t\t\t\t\t\t<span class=\"elementor-button-content-wrapper\">\n\t\t\t\t\t\t<span class=\"elementor-button-icon\">\n\t\t\t\t<svg aria-hidden=\"true\" class=\"e-font-icon-svg e-fas-arrow-right\" viewbox=\"0 0 448 512\" xmlns=\"http:\/\/www.w3.org\/2000\/svg\"><path d=\"M190.5 66.9l22.2-22.2c9.4-9.4 24.6-9.4 33.9 0L441 239c9.4 9.4 9.4 24.6 0 33.9L246.6 467.3c-9.4 9.4-24.6 9.4-33.9 0l-22.2-22.2c-9.5-9.5-9.3-25 .4-34.3L311.4 296H24c-13.3 0-24-10.7-24-24v-32c0-13.3 10.7-24 24-24h287.4L190.9 101.2c-9.8-9.3-10-24.8-.4-34.3z\"><\/path><\/svg>\t\t\t<\/span>\n\t\t\t\t\t\t\t\t\t<span class=\"elementor-button-text\">Contacta con nuestro equipo legal<\/span>\n\t\t\t\t\t<\/span>\n\t\t\t\t\t<\/a>\n\t\t\t\t<\/div>\n\t\t\t\t\t\t\t\t<\/div>\n\t\t\t\t<\/div>\n\t\t\t\t\t<\/div>\n\t\t\t\t<\/div>\n\t\t\t\t\t<\/div>\n\t\t\t\t<\/div>\n\t\t<div class=\"elementor-element elementor-element-dfd564d e-flex e-con-boxed e-con e-parent\" data-id=\"dfd564d\" data-element_type=\"container\" id=\"areashome\" data-settings=\"{&quot;background_background&quot;:&quot;classic&quot;}\">\n\t\t\t\t\t<div class=\"e-con-inner\">\n\t\t<div class=\"elementor-element elementor-element-d379eae e-flex e-con-boxed e-con e-child\" data-id=\"d379eae\" data-element_type=\"container\">\n\t\t\t\t\t<div class=\"e-con-inner\">\n\t\t<div class=\"elementor-element elementor-element-4362e69 e-flex e-con-boxed e-con e-child\" data-id=\"4362e69\" data-element_type=\"container\">\n\t\t\t\t\t<div class=\"e-con-inner\">\n\t\t\t\t<div class=\"elementor-element elementor-element-25611d6 elementor-widget elementor-widget-image\" data-id=\"25611d6\" data-element_type=\"widget\" data-widget_type=\"image.default\">\n\t\t\t\t<div class=\"elementor-widget-container\">\n\t\t\t\t\t\t\t\t\t\t\t\t\t\t\t<img decoding=\"async\" width=\"23\" height=\"2\" src=\"https:\/\/arcojuridico.com\/wp-content\/uploads\/2024\/04\/line-img.jpg\" class=\"attachment-full size-full wp-image-31\" alt=\"\" \/>\t\t\t\t\t\t\t\t\t\t\t\t\t\t\t<\/div>\n\t\t\t\t<\/div>\n\t\t\t\t<div class=\"elementor-element elementor-element-97dfe3e elementor-widget elementor-widget-heading\" data-id=\"97dfe3e\" data-element_type=\"widget\" data-widget_type=\"heading.default\">\n\t\t\t\t<div class=\"elementor-widget-container\">\n\t\t\t\t\t<div class=\"elementor-heading-title elementor-size-default\">EXPERIENCIA<\/div>\t\t\t\t<\/div>\n\t\t\t\t<\/div>\n\t\t\t\t\t<\/div>\n\t\t\t\t<\/div>\n\t\t\t\t<div class=\"elementor-element elementor-element-0418556 elementor-widget elementor-widget-heading\" data-id=\"0418556\" data-element_type=\"widget\" data-widget_type=\"heading.default\">\n\t\t\t\t<div class=\"elementor-widget-container\">\n\t\t\t\t\t<h2 class=\"elementor-heading-title elementor-size-default\">\u00c1reas de asistencia<\/h2>\t\t\t\t<\/div>\n\t\t\t\t<\/div>\n\t\t\t\t<div class=\"elementor-element elementor-element-32f3b74 elementor-widget elementor-widget-text-editor\" data-id=\"32f3b74\" data-element_type=\"widget\" data-widget_type=\"text-editor.default\">\n\t\t\t\t<div class=\"elementor-widget-container\">\n\t\t\t\t\t\t\t\t\t<p>Porque la justicia empieza con una buena asesor\u00eda.<\/p>\t\t\t\t\t\t\t\t<\/div>\n\t\t\t\t<\/div>\n\t\t\t\t\t<\/div>\n\t\t\t\t<\/div>\n\t\t<div class=\"elementor-element elementor-element-7d39609 e-flex e-con-boxed e-con e-child\" data-id=\"7d39609\" data-element_type=\"container\">\n\t\t\t\t\t<div class=\"e-con-inner\">\n\t\t\t\t<div class=\"elementor-element elementor-element-59e2862 elementor-widget elementor-widget-services-post\" data-id=\"59e2862\" data-element_type=\"widget\" data-widget_type=\"services-post.default\">\n\t\t\t\t<div class=\"elementor-widget-container\">\n\t\t\t\t\t        <section class=\"committed-con position-relative\">\r\n            <div class=\"container\">\r\n                <div class=\"committed_wrapper\" data-aos=\"fade-up\">\r\n                    <div class=\"row\">\r\n                        <div class=\"col-lg-3 col-md-6 col-sm-6 col-12\">\r\n                    <a href=\"https:\/\/arcojuridico.com\/en\/our_services\/astjud-ambss\/\" class=\"text-decoration-none\" aria-label=\"Asistencia judicial en el \u00e1mbito de la seguridad social\">\r\n                        <div class=\"committed-box\">\r\n                            <figure class=\"icon\">\r\n                                <img decoding=\"async\" src=\"https:\/\/arcojuridico.com\/wp-content\/uploads\/2024\/12\/Consultants.png\" alt=\"\" class=\"img-fluid\">\r\n                            <\/figure>\r\n                            <h3>Asistencia judicial en el \u00e1mbito de la seguridad social<\/h3>\r\n                            <a href=\"https:\/\/arcojuridico.com\/en\/our_services\/astjud-ambss\/\" class=\"text-decoration-none\"><i class=\"fa-solid fa-arrow-right\"><\/i><\/a>\r\n                        <\/div>\r\n                    <\/a>\r\n                <\/div>\r\n                                <div class=\"col-lg-3 col-md-6 col-sm-6 col-12\">\r\n                    <a href=\"https:\/\/arcojuridico.com\/en\/our_services\/asjud-amblab\/\" class=\"text-decoration-none\" aria-label=\"Asistencia judicial en el \u00e1mbito laboral\">\r\n                        <div class=\"committed-box\">\r\n                            <figure class=\"icon\">\r\n                                <img decoding=\"async\" src=\"https:\/\/arcojuridico.com\/wp-content\/uploads\/2024\/12\/Consultation_2.png\" alt=\"\" class=\"img-fluid\">\r\n                            <\/figure>\r\n                            <h3>Asistencia judicial en el \u00e1mbito laboral<\/h3>\r\n                            <a href=\"https:\/\/arcojuridico.com\/en\/our_services\/asjud-amblab\/\" class=\"text-decoration-none\"><i class=\"fa-solid fa-arrow-right\"><\/i><\/a>\r\n                        <\/div>\r\n                    <\/a>\r\n                <\/div>\r\n                                <div class=\"col-lg-3 col-md-6 col-sm-6 col-12\">\r\n                    <a href=\"https:\/\/arcojuridico.com\/en\/our_services\/as-gesfisc\/\" class=\"text-decoration-none\" aria-label=\"Asesoramiento y gesti\u00f3n fiscal\">\r\n                        <div class=\"committed-box\">\r\n                            <figure class=\"icon\">\r\n                                <img decoding=\"async\" src=\"https:\/\/arcojuridico.com\/wp-content\/uploads\/2024\/12\/Consultation.png\" alt=\"\" class=\"img-fluid\">\r\n                            <\/figure>\r\n                            <h3>Asesoramiento y gesti\u00f3n fiscal<\/h3>\r\n                            <a href=\"https:\/\/arcojuridico.com\/en\/our_services\/as-gesfisc\/\" class=\"text-decoration-none\"><i class=\"fa-solid fa-arrow-right\"><\/i><\/a>\r\n                        <\/div>\r\n                    <\/a>\r\n                <\/div>\r\n                                <div class=\"col-lg-3 col-md-6 col-sm-6 col-12\">\r\n                    <a href=\"https:\/\/arcojuridico.com\/en\/our_services\/asesoramiento-gestion-laboral\/\" class=\"text-decoration-none\" aria-label=\"Asesoramiento y gesti\u00f3n laboral\">\r\n                        <div class=\"committed-box\">\r\n                            <figure class=\"icon\">\r\n                                <img decoding=\"async\" src=\"https:\/\/arcojuridico.com\/wp-content\/uploads\/2024\/12\/Explanation.png\" alt=\"\" class=\"img-fluid\">\r\n                            <\/figure>\r\n                            <h3>Asesoramiento y gesti\u00f3n laboral<\/h3>\r\n                            <a href=\"https:\/\/arcojuridico.com\/en\/our_services\/asesoramiento-gestion-laboral\/\" class=\"text-decoration-none\"><i class=\"fa-solid fa-arrow-right\"><\/i><\/a>\r\n                        <\/div>\r\n                    <\/a>\r\n                <\/div>\r\n                <\/div><\/div><\/div><\/section>\t\t\t\t<\/div>\n\t\t\t\t<\/div>\n\t\t\t\t\t<\/div>\n\t\t\t\t<\/div>\n\t\t\t\t\t<\/div>\n\t\t\t\t<\/div>\n\t\t<div class=\"elementor-element elementor-element-4d90eec e-flex e-con-boxed e-con e-parent\" data-id=\"4d90eec\" data-element_type=\"container\" data-settings=\"{&quot;background_background&quot;:&quot;classic&quot;}\">\n\t\t\t\t\t<div class=\"e-con-inner\">\n\t\t<div class=\"elementor-element elementor-element-40cd7cb e-con-full e-flex e-con e-child\" data-id=\"40cd7cb\" data-element_type=\"container\">\n\t\t<div class=\"elementor-element elementor-element-f97593e e-con-full e-flex e-con e-child\" data-id=\"f97593e\" data-element_type=\"container\">\n\t\t<div class=\"elementor-element elementor-element-b9eaa20 e-flex e-con-boxed elementor-invisible e-con e-child\" data-id=\"b9eaa20\" data-element_type=\"container\" data-settings=\"{&quot;animation&quot;:&quot;fadeIn&quot;}\">\n\t\t\t\t\t<div class=\"e-con-inner\">\n\t\t<div class=\"elementor-element elementor-element-c928f11 e-flex e-con-boxed e-con e-child\" data-id=\"c928f11\" data-element_type=\"container\">\n\t\t\t\t\t<div class=\"e-con-inner\">\n\t\t\t\t<div class=\"elementor-element elementor-element-4315146 elementor-widget elementor-widget-image\" data-id=\"4315146\" data-element_type=\"widget\" data-widget_type=\"image.default\">\n\t\t\t\t<div class=\"elementor-widget-container\">\n\t\t\t\t\t\t\t\t\t\t\t\t\t\t\t<img decoding=\"async\" width=\"23\" height=\"2\" src=\"https:\/\/arcojuridico.com\/wp-content\/uploads\/2024\/04\/line-img.jpg\" class=\"attachment-full size-full wp-image-31\" alt=\"\" \/>\t\t\t\t\t\t\t\t\t\t\t\t\t\t\t<\/div>\n\t\t\t\t<\/div>\n\t\t\t\t<div class=\"elementor-element elementor-element-751c03f elementor-widget elementor-widget-heading\" data-id=\"751c03f\" data-element_type=\"widget\" data-widget_type=\"heading.default\">\n\t\t\t\t<div class=\"elementor-widget-container\">\n\t\t\t\t\t<div class=\"elementor-heading-title elementor-size-default\">FAQ<\/div>\t\t\t\t<\/div>\n\t\t\t\t<\/div>\n\t\t\t\t\t<\/div>\n\t\t\t\t<\/div>\n\t\t\t\t<div class=\"elementor-element elementor-element-1da2b05 elementor-widget elementor-widget-heading\" data-id=\"1da2b05\" data-element_type=\"widget\" data-widget_type=\"heading.default\">\n\t\t\t\t<div class=\"elementor-widget-container\">\n\t\t\t\t\t<h2 class=\"elementor-heading-title elementor-size-default\">Preguntas frecuentes.<\/h2>\t\t\t\t<\/div>\n\t\t\t\t<\/div>\n\t\t\t\t\t<\/div>\n\t\t\t\t<\/div>\n\t\t<div class=\"elementor-element elementor-element-9b8b0f7 e-con-full e-flex e-con e-child\" data-id=\"9b8b0f7\" data-element_type=\"container\">\n\t\t\t\t<div class=\"elementor-element elementor-element-5a0861f index-2-faq elementor-widget elementor-widget-toggle\" data-id=\"5a0861f\" data-element_type=\"widget\" data-widget_type=\"toggle.default\">\n\t\t\t\t<div class=\"elementor-widget-container\">\n\t\t\t\t\t\t\t<div class=\"elementor-toggle\">\n\t\t\t\t\t\t\t<div class=\"elementor-toggle-item\">\n\t\t\t\t\t<div id=\"elementor-tab-title-9441\" class=\"elementor-tab-title\" data-tab=\"1\" role=\"button\" aria-controls=\"elementor-tab-content-9441\" aria-expanded=\"false\">\n\t\t\t\t\t\t\t\t\t\t\t\t<span class=\"elementor-toggle-icon elementor-toggle-icon-right\" aria-hidden=\"true\">\n\t\t\t\t\t\t\t\t\t\t\t\t\t\t\t<span class=\"elementor-toggle-icon-closed\"><svg class=\"e-font-icon-svg e-fas-arrow-right\" viewbox=\"0 0 448 512\" xmlns=\"http:\/\/www.w3.org\/2000\/svg\"><path d=\"M190.5 66.9l22.2-22.2c9.4-9.4 24.6-9.4 33.9 0L441 239c9.4 9.4 9.4 24.6 0 33.9L246.6 467.3c-9.4 9.4-24.6 9.4-33.9 0l-22.2-22.2c-9.5-9.5-9.3-25 .4-34.3L311.4 296H24c-13.3 0-24-10.7-24-24v-32c0-13.3 10.7-24 24-24h287.4L190.9 101.2c-9.8-9.3-10-24.8-.4-34.3z\"><\/path><\/svg><\/span>\n\t\t\t\t\t\t\t\t<span class=\"elementor-toggle-icon-opened\"><svg class=\"elementor-toggle-icon-opened e-font-icon-svg e-fas-arrow-down\" viewbox=\"0 0 448 512\" xmlns=\"http:\/\/www.w3.org\/2000\/svg\"><path d=\"M413.1 222.5l22.2 22.2c9.4 9.4 9.4 24.6 0 33.9L241 473c-9.4 9.4-24.6 9.4-33.9 0L12.7 278.6c-9.4-9.4-9.4-24.6 0-33.9l22.2-22.2c9.5-9.5 25-9.3 34.3.4L184 343.4V56c0-13.3 10.7-24 24-24h32c13.3 0 24 10.7 24 24v287.4l114.8-120.5c9.3-9.8 24.8-10 34.3-.4z\"><\/path><\/svg><\/span>\n\t\t\t\t\t\t\t\t\t\t\t\t\t<\/span>\n\t\t\t\t\t\t\t\t\t\t\t\t<a class=\"elementor-toggle-title\" tabindex=\"0\">\u00bfQu\u00e9 tipo de asesoramiento legal ofrecemos?<\/a>\n\t\t\t\t\t<\/div>\n\n\t\t\t\t\t<div id=\"elementor-tab-content-9441\" class=\"elementor-tab-content elementor-clearfix\" data-tab=\"1\" role=\"region\" aria-labelledby=\"elementor-tab-title-9441\"><p>Ofrecemos asesor\u00eda en gestion laboral, fiscal, judicial laboral y judicial S.S. Nuestro equipo est\u00e1 capacitado para abordar una amplia gama de situaciones legales.<\/p><\/div>\n\t\t\t\t<\/div>\n\t\t\t\t\t\t\t<div class=\"elementor-toggle-item\">\n\t\t\t\t\t<div id=\"elementor-tab-title-9442\" class=\"elementor-tab-title\" data-tab=\"2\" role=\"button\" aria-controls=\"elementor-tab-content-9442\" aria-expanded=\"false\">\n\t\t\t\t\t\t\t\t\t\t\t\t<span class=\"elementor-toggle-icon elementor-toggle-icon-right\" aria-hidden=\"true\">\n\t\t\t\t\t\t\t\t\t\t\t\t\t\t\t<span class=\"elementor-toggle-icon-closed\"><svg class=\"e-font-icon-svg e-fas-arrow-right\" viewbox=\"0 0 448 512\" xmlns=\"http:\/\/www.w3.org\/2000\/svg\"><path d=\"M190.5 66.9l22.2-22.2c9.4-9.4 24.6-9.4 33.9 0L441 239c9.4 9.4 9.4 24.6 0 33.9L246.6 467.3c-9.4 9.4-24.6 9.4-33.9 0l-22.2-22.2c-9.5-9.5-9.3-25 .4-34.3L311.4 296H24c-13.3 0-24-10.7-24-24v-32c0-13.3 10.7-24 24-24h287.4L190.9 101.2c-9.8-9.3-10-24.8-.4-34.3z\"><\/path><\/svg><\/span>\n\t\t\t\t\t\t\t\t<span class=\"elementor-toggle-icon-opened\"><svg class=\"elementor-toggle-icon-opened e-font-icon-svg e-fas-arrow-down\" viewbox=\"0 0 448 512\" xmlns=\"http:\/\/www.w3.org\/2000\/svg\"><path d=\"M413.1 222.5l22.2 22.2c9.4 9.4 9.4 24.6 0 33.9L241 473c-9.4 9.4-24.6 9.4-33.9 0L12.7 278.6c-9.4-9.4-9.4-24.6 0-33.9l22.2-22.2c9.5-9.5 25-9.3 34.3.4L184 343.4V56c0-13.3 10.7-24 24-24h32c13.3 0 24 10.7 24 24v287.4l114.8-120.5c9.3-9.8 24.8-10 34.3-.4z\"><\/path><\/svg><\/span>\n\t\t\t\t\t\t\t\t\t\t\t\t\t<\/span>\n\t\t\t\t\t\t\t\t\t\t\t\t<a class=\"elementor-toggle-title\" tabindex=\"0\">\u00bfC\u00f3mo puedo solicitar una cita?<\/a>\n\t\t\t\t\t<\/div>\n\n\t\t\t\t\t<div id=\"elementor-tab-content-9442\" class=\"elementor-tab-content elementor-clearfix\" data-tab=\"2\" role=\"region\" aria-labelledby=\"elementor-tab-title-9442\"><p>Puedes contactarnos a trav\u00e9s de nuestro\u00a0 correo electr\u00f3nico o llamando a nuestro n\u00famero de atenci\u00f3n. Nos ajustamos a tu horario para ofrecerte la mejor atenci\u00f3n.<\/p><\/div>\n\t\t\t\t<\/div>\n\t\t\t\t\t\t\t<div class=\"elementor-toggle-item\">\n\t\t\t\t\t<div id=\"elementor-tab-title-9443\" class=\"elementor-tab-title\" data-tab=\"3\" role=\"button\" aria-controls=\"elementor-tab-content-9443\" aria-expanded=\"false\">\n\t\t\t\t\t\t\t\t\t\t\t\t<span class=\"elementor-toggle-icon elementor-toggle-icon-right\" aria-hidden=\"true\">\n\t\t\t\t\t\t\t\t\t\t\t\t\t\t\t<span class=\"elementor-toggle-icon-closed\"><svg class=\"e-font-icon-svg e-fas-arrow-right\" viewbox=\"0 0 448 512\" xmlns=\"http:\/\/www.w3.org\/2000\/svg\"><path d=\"M190.5 66.9l22.2-22.2c9.4-9.4 24.6-9.4 33.9 0L441 239c9.4 9.4 9.4 24.6 0 33.9L246.6 467.3c-9.4 9.4-24.6 9.4-33.9 0l-22.2-22.2c-9.5-9.5-9.3-25 .4-34.3L311.4 296H24c-13.3 0-24-10.7-24-24v-32c0-13.3 10.7-24 24-24h287.4L190.9 101.2c-9.8-9.3-10-24.8-.4-34.3z\"><\/path><\/svg><\/span>\n\t\t\t\t\t\t\t\t<span class=\"elementor-toggle-icon-opened\"><svg class=\"elementor-toggle-icon-opened e-font-icon-svg e-fas-arrow-down\" viewbox=\"0 0 448 512\" xmlns=\"http:\/\/www.w3.org\/2000\/svg\"><path d=\"M413.1 222.5l22.2 22.2c9.4 9.4 9.4 24.6 0 33.9L241 473c-9.4 9.4-24.6 9.4-33.9 0L12.7 278.6c-9.4-9.4-9.4-24.6 0-33.9l22.2-22.2c9.5-9.5 25-9.3 34.3.4L184 343.4V56c0-13.3 10.7-24 24-24h32c13.3 0 24 10.7 24 24v287.4l114.8-120.5c9.3-9.8 24.8-10 34.3-.4z\"><\/path><\/svg><\/span>\n\t\t\t\t\t\t\t\t\t\t\t\t\t<\/span>\n\t\t\t\t\t\t\t\t\t\t\t\t<a class=\"elementor-toggle-title\" tabindex=\"0\">\u00bfQu\u00e9 documentos necesito llevar?<\/a>\n\t\t\t\t\t<\/div>\n\n\t\t\t\t\t<div id=\"elementor-tab-content-9443\" class=\"elementor-tab-content elementor-clearfix\" data-tab=\"3\" role=\"region\" aria-labelledby=\"elementor-tab-title-9443\"><p>Depender\u00e1 del tipo de asesor\u00eda que necesites. Generalmente, recomendamos traer documentos relacionados con tu caso, como contratos, cartas o cualquier otro documento relevante.<\/p><\/div>\n\t\t\t\t<\/div>\n\t\t\t\t\t\t\t<div class=\"elementor-toggle-item\">\n\t\t\t\t\t<div id=\"elementor-tab-title-9444\" class=\"elementor-tab-title\" data-tab=\"4\" role=\"button\" aria-controls=\"elementor-tab-content-9444\" aria-expanded=\"false\">\n\t\t\t\t\t\t\t\t\t\t\t\t<span class=\"elementor-toggle-icon elementor-toggle-icon-right\" aria-hidden=\"true\">\n\t\t\t\t\t\t\t\t\t\t\t\t\t\t\t<span class=\"elementor-toggle-icon-closed\"><svg class=\"e-font-icon-svg e-fas-arrow-right\" viewbox=\"0 0 448 512\" xmlns=\"http:\/\/www.w3.org\/2000\/svg\"><path d=\"M190.5 66.9l22.2-22.2c9.4-9.4 24.6-9.4 33.9 0L441 239c9.4 9.4 9.4 24.6 0 33.9L246.6 467.3c-9.4 9.4-24.6 9.4-33.9 0l-22.2-22.2c-9.5-9.5-9.3-25 .4-34.3L311.4 296H24c-13.3 0-24-10.7-24-24v-32c0-13.3 10.7-24 24-24h287.4L190.9 101.2c-9.8-9.3-10-24.8-.4-34.3z\"><\/path><\/svg><\/span>\n\t\t\t\t\t\t\t\t<span class=\"elementor-toggle-icon-opened\"><svg class=\"elementor-toggle-icon-opened e-font-icon-svg e-fas-arrow-down\" viewbox=\"0 0 448 512\" xmlns=\"http:\/\/www.w3.org\/2000\/svg\"><path d=\"M413.1 222.5l22.2 22.2c9.4 9.4 9.4 24.6 0 33.9L241 473c-9.4 9.4-24.6 9.4-33.9 0L12.7 278.6c-9.4-9.4-9.4-24.6 0-33.9l22.2-22.2c9.5-9.5 25-9.3 34.3.4L184 343.4V56c0-13.3 10.7-24 24-24h32c13.3 0 24 10.7 24 24v287.4l114.8-120.5c9.3-9.8 24.8-10 34.3-.4z\"><\/path><\/svg><\/span>\n\t\t\t\t\t\t\t\t\t\t\t\t\t<\/span>\n\t\t\t\t\t\t\t\t\t\t\t\t<a class=\"elementor-toggle-title\" tabindex=\"0\">\u00bfCu\u00e1nto tiempo llevar\u00e1 resolver mi caso?<\/a>\n\t\t\t\t\t<\/div>\n\n\t\t\t\t\t<div id=\"elementor-tab-content-9444\" class=\"elementor-tab-content elementor-clearfix\" data-tab=\"4\" role=\"region\" aria-labelledby=\"elementor-tab-title-9444\"><p>El tiempo var\u00eda seg\u00fan la complejidad del caso. Sin embargo, nuestro equipo se compromete a mantenerte informado y a trabajar con eficiencia para lograr una resoluci\u00f3n lo m\u00e1s pronto posible<\/p><\/div>\n\t\t\t\t<\/div>\n\t\t\t\t\t\t\t\t<\/div>\n\t\t\t\t\t\t<\/div>\n\t\t\t\t<\/div>\n\t\t\t\t<\/div>\n\t\t\t\t<\/div>\n\t\t\t\t<\/div>\n\t\t<div class=\"elementor-element elementor-element-eafe845 e-con-full e-flex e-con e-child\" data-id=\"eafe845\" data-element_type=\"container\">\n\t\t\t\t<div class=\"elementor-element elementor-element-0ba4377 elementor-invisible elementor-widget elementor-widget-image\" data-id=\"0ba4377\" data-element_type=\"widget\" data-settings=\"{&quot;_animation&quot;:&quot;pulse&quot;}\" data-widget_type=\"image.default\">\n\t\t\t\t<div class=\"elementor-widget-container\">\n\t\t\t\t\t\t\t\t\t\t\t\t\t\t\t<img fetchpriority=\"high\" decoding=\"async\" width=\"2560\" height=\"1707\" src=\"https:\/\/arcojuridico.com\/wp-content\/uploads\/2024\/12\/ajhome-scaled.jpg\" class=\"attachment-full size-full wp-image-2760\" alt=\"\" srcset=\"https:\/\/arcojuridico.com\/wp-content\/uploads\/2024\/12\/ajhome-scaled.jpg 2560w, https:\/\/arcojuridico.com\/wp-content\/uploads\/2024\/12\/ajhome-300x200.jpg 300w, https:\/\/arcojuridico.com\/wp-content\/uploads\/2024\/12\/ajhome-1024x683.jpg 1024w, https:\/\/arcojuridico.com\/wp-content\/uploads\/2024\/12\/ajhome-768x512.jpg 768w, https:\/\/arcojuridico.com\/wp-content\/uploads\/2024\/12\/ajhome-1536x1024.jpg 1536w, https:\/\/arcojuridico.com\/wp-content\/uploads\/2024\/12\/ajhome-2048x1365.jpg 2048w, https:\/\/arcojuridico.com\/wp-content\/uploads\/2024\/12\/ajhome-600x400.jpg 600w\" sizes=\"(max-width: 2560px) 100vw, 2560px\" \/>\t\t\t\t\t\t\t\t\t\t\t\t\t\t\t<\/div>\n\t\t\t\t<\/div>\n\t\t\t\t<\/div>\n\t\t\t\t\t<\/div>\n\t\t\t\t<\/div>\n\t\t<div class=\"elementor-element elementor-element-2db15bf e-flex e-con-boxed e-con e-parent\" data-id=\"2db15bf\" data-element_type=\"container\">\n\t\t\t\t\t<div class=\"e-con-inner\">\n\t\t\t\t<div class=\"elementor-element elementor-element-9ce27f7 elementor-widget elementor-widget-image\" data-id=\"9ce27f7\" data-element_type=\"widget\" data-widget_type=\"image.default\">\n\t\t\t\t<div class=\"elementor-widget-container\">\n\t\t\t\t\t\t\t\t\t\t\t\t\t\t\t<img loading=\"lazy\" decoding=\"async\" width=\"1118\" height=\"130\" src=\"https:\/\/arcojuridico.com\/wp-content\/uploads\/2024\/12\/logoskit.png\" class=\"attachment-full size-full wp-image-2827\" alt=\"Logos Kit Digital\" srcset=\"https:\/\/arcojuridico.com\/wp-content\/uploads\/2024\/12\/logoskit.png 1118w, https:\/\/arcojuridico.com\/wp-content\/uploads\/2024\/12\/logoskit-300x35.png 300w, https:\/\/arcojuridico.com\/wp-content\/uploads\/2024\/12\/logoskit-1024x119.png 1024w, https:\/\/arcojuridico.com\/wp-content\/uploads\/2024\/12\/logoskit-768x89.png 768w, https:\/\/arcojuridico.com\/wp-content\/uploads\/2024\/12\/logoskit-600x70.png 600w\" sizes=\"(max-width: 1118px) 100vw, 1118px\" \/>\t\t\t\t\t\t\t\t\t\t\t\t\t\t\t<\/div>\n\t\t\t\t<\/div>\n\t\t\t\t\t<\/div>\n\t\t\t\t<\/div>\n\t\t\t\t<\/div>","protected":false},"excerpt":{"rendered":"<p>BIENVENIDO A ARCO JURIDICO Te ayudamos a resolver tus situaciones legales Contacta con nuestro equipo legal EXPERIENCIA \u00c1reas de asistencia Porque la justicia empieza con una buena asesor\u00eda. Asistencia judicial en el \u00e1mbito de la seguridad social Asistencia judicial en el \u00e1mbito laboral Asesoramiento y gesti\u00f3n fiscal Asesoramiento y gesti\u00f3n laboral FAQ Preguntas frecuentes. \u00bfQu\u00e9 [&hellip;]<\/p>","protected":false},"author":1,"featured_media":0,"parent":0,"menu_order":1,"comment_status":"closed","ping_status":"closed","template":"elementor_header_footer","meta":{"footnotes":""},"class_list":["post-805","page","type-page","status-publish","hentry"],"_links":{"self":[{"href":"https:\/\/arcojuridico.com\/en\/wp-json\/wp\/v2\/pages\/805","targetHints":{"allow":["GET"]}}],"collection":[{"href":"https:\/\/arcojuridico.com\/en\/wp-json\/wp\/v2\/pages"}],"about":[{"href":"https:\/\/arcojuridico.com\/en\/wp-json\/wp\/v2\/types\/page"}],"author":[{"embeddable":true,"href":"https:\/\/arcojuridico.com\/en\/wp-json\/wp\/v2\/users\/1"}],"replies":[{"embeddable":true,"href":"https:\/\/arcojuridico.com\/en\/wp-json\/wp\/v2\/comments?post=805"}],"version-history":[{"count":60,"href":"https:\/\/arcojuridico.com\/en\/wp-json\/wp\/v2\/pages\/805\/revisions"}],"predecessor-version":[{"id":2891,"href":"https:\/\/arcojuridico.com\/en\/wp-json\/wp\/v2\/pages\/805\/revisions\/2891"}],"wp:attachment":[{"href":"https:\/\/arcojuridico.com\/en\/wp-json\/wp\/v2\/media?parent=805"}],"curies":[{"name":"wp","href":"https:\/\/api.w.org\/{rel}","templated":true}]}}